{"id":1259,"date":"2021-06-28T16:41:54","date_gmt":"2021-06-28T16:41:54","guid":{"rendered":"https:\/\/hisp-50-belgrado.fil.bg.ac.rs\/?page_id=1259"},"modified":"2021-12-17T09:22:55","modified_gmt":"2021-12-17T09:22:55","slug":"quota-dinscripcio","status":"publish","type":"page","link":"https:\/\/hisp-50-belgrado.fil.bg.ac.rs\/ca\/quota-dinscripcio\/","title":{"rendered":"Quota d\u2019inscripci\u00f3"},"content":{"rendered":"<p>[vc_row][vc_column][vc_empty_space height=&#8221;15px&#8221;][om_html_table style=&#8221;bordered&#8221;]JTNDdGFibGUlMjBzdHlsZSUzRCUyMmZvbnQtc2l6ZSUzQTEuM2VtJTIyJTNFJTBBJTIwJTIwJTNDdHIlM0UlMEElMjAlMjAlMjAlMjAlM0N0aCUzRSUzQyUyRnRoJTNFJTBBJTIwJTIwJTIwJTIwJTNDdGglM0UlM0MlMkZ0aCUzRSUwQSUyMCUyMCUzQyUyRnRyJTNFJTBBJTIwJTIwJTNDdHIlM0UlMEElMjAlMjAlMjAlMjAlM0N0ZCUzRVBhcnRpY2lwYWNpJUMzJUIzJTIwcHJlc2VuY2lhbCUzQSUzQyUyRnRkJTNFJTBBJTIwJTIwJTIwJTIwJTNDdGQlM0UlM0NiJTNFOTAlMjBldXJvcyUyMCUyOG5ldCUyOSUzQyUyRmIlM0UlM0MlMkZ0ZCUzRSUwQSUyMCUyMCUzQyUyRnRyJTNFJTBBJTIwJTIwJTNDdHIlM0UlMEElMjAlMjAlMjAlMjAlM0N0ZCUzRVBhcnRpY2lwYWNpJUMzJUIzJTIwdmlydHVhbCUzQSUzQyUyRnRkJTNFJTBBJTIwJTIwJTIwJTIwJTNDdGQlM0UlM0NiJTNFOTAlMjBldXJvcyUyMCUyOG5ldCUyOSUzQyUyRmIlM0UlM0MlMkZ0ZCUzRSUwQSUyMCUyMCUzQyUyRnRyJTNFJTBBJTIwJTIwJTNDdHIlM0UlMEElMjAlMjAlMjAlMjAlM0N0ZCUzRVJlc2lkZW50cyUyMHNlcmJpcyUzQSUzQyUyRnRkJTNFJTBBJTIwJTIwJTIwJTIwJTNDdGQlM0UlM0NiJTNFOTAlMjBldXJvcyUyMCUyOG5ldCUyQyUyMGVuJTIwbW9uZWRhJTIwbG9jYWwlMkMlMjBSU0QlMjklMjAlM0MlMkZiJTNFJTNDJTJGdGQlM0UlMEElMjAlMjAlM0MlMkZ0ciUzRSUwQSUzQyUyRnRhYmxlJTNF[\/om_html_table][vc_btn title=&#8221;Enviament de propostes&#8221; uppercase=&#8221;yes&#8221; size=&#8221;xlg&#8221; align=&#8221;center&#8221; link=&#8221;url:https%3A%2F%2Fhisp-50-belgrado.fil.bg.ac.rs%2Fca%2Fenviament-de-propostes%2F|title:Env%C3%ADo%20de%20propuestas||&#8221;][\/vc_column][\/vc_row][vc_row][vc_column][vc_empty_space][om_list title=&#8221;La quota d\u2019INSCRIPCI\u00d3 \u00e9s individual i inclou:&#8221; icon_fontawesome=&#8221;fas fa-check&#8221; icon_color=&#8221;om-accent-color-2&#8243;]credencial,<br \/>\nmaterial del Congr\u00e9s,<br \/>\nacc\u00e9s a les sessions del Congr\u00e9s,<br \/>\ncertificat de participaci\u00f3,<br \/>\ndos \u00e0pats-c\u00f2ctels (els primers dos dies del Congr\u00e9s),<br \/>\ncaf\u00e8s i refrescos durant les pauses,<br \/>\nvisita al Museu Nacional,<br \/>\npublicaci\u00f3 dels estudis (pr\u00e8via revisi\u00f3 per parells a doble cec).[\/om_list][vc_empty_space][vc_message]<strong>Els participants s\u00f3n els que es fan c\u00e0rrec de les despeses de la transfer\u00e8ncia banc\u00e0ria<\/strong>[\/vc_message][vc_message message_box_color=&#8221;om-accent-color-3&#8243;]Un cop comunicats els resultats de l\u2019acceptaci\u00f3 de propostes, s\u2019enviar\u00e0 una segona circular amb les instruccions de pagament de la quota.[\/vc_message][\/vc_column][\/vc_row]<\/p>\n","protected":false},"excerpt":{"rendered":"<p>[vc_row][vc_column][vc_empty_space height=&#8221;15px&#8221;][om_html_table style=&#8221;bordered&#8221;]JTNDdGFibGUlMjBzdHlsZSUzRCUyMmZvbnQtc2l6ZSUzQTEuM2VtJTIyJTNFJTBBJTIwJTIwJTNDdHIlM0UlMEElMjAlMjAlMjAlMjAlM0N0aCUzRSUzQyUyRnRoJTNFJTBBJTIwJTIwJTIwJTIwJTNDdGglM0UlM0MlMkZ0aCUzRSUwQSUyMCUyMCUzQyUyRnRyJTNFJTBBJTIwJTIwJTNDdHIlM0UlMEElMjAlMjAlMjAlMjAlM0N0ZCUzRVBhcnRpY2lwYWNpJUMzJUIzJTIwcHJlc2VuY2lhbCUzQSUzQyUyRnRkJTNFJTBBJTIwJTIwJTIwJTIwJTNDdGQlM0UlM0NiJTNFOTAlMjBldXJvcyUyMCUyOG5ldCUyOSUzQyUyRmIlM0UlM0MlMkZ0ZCUzRSUwQSUyMCUyMCUzQyUyRnRyJTNFJTBBJTIwJTIwJTNDdHIlM0UlMEElMjAlMjAlMjAlMjAlM0N0ZCUzRVBhcnRpY2lwYWNpJUMzJUIzJTIwdmlydHVhbCUzQSUzQyUyRnRkJTNFJTBBJTIwJTIwJTIwJTIwJTNDdGQlM0UlM0NiJTNFOTAlMjBldXJvcyUyMCUyOG5ldCUyOSUzQyUyRmIlM0UlM0MlMkZ0ZCUzRSUwQSUyMCUyMCUzQyUyRnRyJTNFJTBBJTIwJTIwJTNDdHIlM0UlMEElMjAlMjAlMjAlMjAlM0N0ZCUzRVJlc2lkZW50cyUyMHNlcmJpcyUzQSUzQyUyRnRkJTNFJTBBJTIwJTIwJTIwJTIwJTNDdGQlM0UlM0NiJTNFOTAlMjBldXJvcyUyMCUyOG5ldCUyQyUyMGVuJTIwbW9uZWRhJTIwbG9jYWwlMkMlMjBSU0QlMjklMjAlM0MlMkZiJTNFJTNDJTJGdGQlM0UlMEElMjAlMjAlM0MlMkZ0ciUzRSUwQSUzQyUyRnRhYmxlJTNF[\/om_html_table][vc_btn title=&#8221;Enviament de propostes&#8221; uppercase=&#8221;yes&#8221; size=&#8221;xlg&#8221; align=&#8221;center&#8221; link=&#8221;url:https%3A%2F%2Fhisp-50-belgrado.fil.bg.ac.rs%2Fca%2Fenviament-de-propostes%2F|title:Env%C3%ADo%20de%20propuestas||&#8221;][\/vc_column][\/vc_row][vc_row][vc_column][vc_empty_space][om_list title=&#8221;La quota d\u2019INSCRIPCI\u00d3 \u00e9s individual i inclou:&#8221; icon_fontawesome=&#8221;fas fa-check&#8221; icon_color=&#8221;om-accent-color-2&#8243;]credencial, material del Congr\u00e9s, acc\u00e9s a&hellip;<\/p>\n<p><a href=\"https:\/\/hisp-50-belgrado.fil.bg.ac.rs\/ca\/quota-dinscripcio\/\" class=\"read-more-link\"><span class=\"read-more-icon\"><\/span>Llegir m\u00e9s<\/a><\/p>\n","protected":false},"author":1,"featured_media":0,"parent":0,"menu_order":0,"comment_status":"closed","ping_status":"closed","template":"","meta":{"footnotes":""},"class_list":["post-1259","page","type-page","status-publish","hentry"],"_links":{"self":[{"href":"https:\/\/hisp-50-belgrado.fil.bg.ac.rs\/ca\/wp-json\/wp\/v2\/pages\/1259","targetHints":{"allow":["GET"]}}],"collection":[{"href":"https:\/\/hisp-50-belgrado.fil.bg.ac.rs\/ca\/wp-json\/wp\/v2\/pages"}],"about":[{"href":"https:\/\/hisp-50-belgrado.fil.bg.ac.rs\/ca\/wp-json\/wp\/v2\/types\/page"}],"author":[{"embeddable":true,"href":"https:\/\/hisp-50-belgrado.fil.bg.ac.rs\/ca\/wp-json\/wp\/v2\/users\/1"}],"replies":[{"embeddable":true,"href":"https:\/\/hisp-50-belgrado.fil.bg.ac.rs\/ca\/wp-json\/wp\/v2\/comments?post=1259"}],"version-history":[{"count":9,"href":"https:\/\/hisp-50-belgrado.fil.bg.ac.rs\/ca\/wp-json\/wp\/v2\/pages\/1259\/revisions"}],"predecessor-version":[{"id":1677,"href":"https:\/\/hisp-50-belgrado.fil.bg.ac.rs\/ca\/wp-json\/wp\/v2\/pages\/1259\/revisions\/1677"}],"wp:attachment":[{"href":"https:\/\/hisp-50-belgrado.fil.bg.ac.rs\/ca\/wp-json\/wp\/v2\/media?parent=1259"}],"curies":[{"name":"wp","href":"https:\/\/api.w.org\/{rel}","templated":true}]}}