{"id":665,"date":"2021-05-31T14:16:51","date_gmt":"2021-05-31T14:16:51","guid":{"rendered":"https:\/\/hisp-50-belgrado.fil.bg.ac.rs\/?page_id=665"},"modified":"2022-01-28T10:18:15","modified_gmt":"2022-01-28T10:18:15","slug":"comites","status":"publish","type":"page","link":"https:\/\/hisp-50-belgrado.fil.bg.ac.rs\/ca\/comites\/","title":{"rendered":"Comit\u00e8s"},"content":{"rendered":"<p>[vc_row][vc_column][vc_column_text]<\/p>\n<h2><span style=\"color: #e94f49;\">COMIT\u00c8<\/span> ORGANITZADOR:<\/h2>\n<p><strong>An\u0111elka Pejovi\u0107 <\/strong>(Universitat de Belgrad), presidenta del Comit\u00e8 Organitzador<\/p>\n<p><strong>Vladimir Karanovi\u0107<\/strong> (Universitat de Belgrad)<\/p>\n<p><strong>Ana Kuzmanovi\u0107 Jovanovi\u0107 <\/strong>(Universitat de Belgrad)<\/p>\n<p><strong>Ksenija Vrane\u0161<\/strong> (Universitat de Belgrad)<\/p>\n<p><strong>Pau Bori<\/strong> (Universitat de Belgrad)<\/p>\n<p><strong>\u017deljko Doni\u0107<\/strong> (Universitat de Belgrad)<\/p>\n<p><strong>Luiza Valo\u017ei\u0107 <\/strong>(Universitat de Belgrad), secret\u00e0ria del Comit\u00e8 Organitzador[\/vc_column_text][vc_empty_space][vc_column_text]<\/p>\n<h2><span style=\"color: #e94f49;\">COMIT\u00c8<\/span> HONOR\u00cdFIC:<\/h2>\n<p><strong>Dalibor Soldati\u0107 <\/strong>(Universitat de Belgrad)<\/p>\n<p><strong>Jelena Raji\u0107 <\/strong>(Universitat de Belgrad)<\/p>\n<p><strong>Silvia Izquierdo Todorovi\u0107 <\/strong>(Universitat de Belgrad)[\/vc_column_text][vc_empty_space][vc_column_text]<\/p>\n<h2><span style=\"color: #e94f49;\">COMIT\u00c8<\/span> CIENT\u00cdFIC:<\/h2>\n<p><strong>Ignacio Bosque <\/strong>(Reial Acad\u00e8mia Espanyola, Espanya)<\/p>\n<p><strong>Jelena Filipovi\u0107 <\/strong>(Universitat de Belgrad, S\u00e8rbia)<\/p>\n<p><strong>Toni Dorca<\/strong><strong> (<\/strong>Macalester College, Minnesota, EUA<strong>)<\/strong><\/p>\n<p><strong>Paloma D\u00edaz-Mas<\/strong> (CSIC i Reial Acad\u00e8mia Espanyola, Espanya)<\/p>\n<p><strong>Branka Kaleni\u0107 Ram\u0161ak<\/strong> (Universitat de Ljubljana, Eslov\u00e8nia)<\/p>\n<p><strong>Ilinca Ilian Taranu <\/strong>(Universitat de l\u2019Oest de Timisoara, Romania)<\/p>\n<p><strong>Blanca Ripoll Sintes <\/strong>(Universitat de Barcelona, Espanya)<\/p>\n<p><strong>Domingo Lil\u00f3n<\/strong> (Universitat de P\u00e9cs, Hongria)<\/p>\n<p><strong>Antonio Pamies Bertr\u00e1n <\/strong>(Universitat de Granada, Espanya)<\/p>\n<p><strong>Aleksandra Man\u010di\u0107<\/strong> (Institut de Literatura i Art, S\u00e8rbia)<\/p>\n<p><strong>Vesna Dickov<\/strong> (Universitat de Belgrad, S\u00e8rbia)<\/p>\n<p><strong>Margalida Pons <\/strong>(Universitat de les Illes Balears, Espanya)<\/p>\n<p><strong>Jasmina Marki\u010d<\/strong> (Universitat de Ljubljana, Eslov\u00e8nia)<\/p>\n<p><strong>Josep Ballester Roca<\/strong> (Universitat de Val\u00e8ncia, Espanya)<\/p>\n<p><strong>Valdir Heitor Barzotto<\/strong> (Universitat de S\u00e3o Paulo, Brasil)<\/p>\n<p><strong>Zsuzsanna Csik\u00f3s <\/strong>(Universitat de Szeged, Hongria)<\/p>\n<p><strong>Cecylia Tatoj <\/strong>(Universitat de Silesia a Katowice, Pol\u00f2nia)<\/p>\n<p><strong>Juan Torbidoni<\/strong> (Pontificia Universidad Cat\u00f3lica, Argentina)<\/p>\n<p><strong>Mirjana Sekuli\u0107 <\/strong>(Universitat de Kragujevac, S\u00e8rbia)<\/p>\n<p><strong>M.\u00aa Auxiliadora Barrios Rodr\u00edguez <\/strong>(Universitat Complutense de Madrid, Espanya)<\/p>\n<p><strong>Petr Stehl\u00edk<\/strong> (Universitat Masaryk de Brno, Rep\u00fablica Checa)<\/p>\n<p><strong>Ana Jovanovi\u0107 <\/strong>(Universitat de Belgrad, S\u00e8rbia)<\/p>\n<p><strong>Noelia Ibarra Rius <\/strong>(Universitat de Val\u00e8ncia, Espanya)<\/p>\n<p><strong>Maja Zovko<\/strong> (Universitat de Zagreb, Cro\u00e0cia)<\/p>\n<p><strong>Alla Placinska <\/strong>(Universitat de Riga, Let\u00f2nia)<\/p>\n<p><strong>Ivana Vu\u010dina Simovi\u0107<\/strong> (Universitat de Belgrad, S\u00e8rbia)[\/vc_column_text][\/vc_column][\/vc_row]<\/p>\n","protected":false},"excerpt":{"rendered":"<p>[vc_row][vc_column][vc_column_text] COMIT\u00c8 ORGANITZADOR: An\u0111elka Pejovi\u0107 (Universitat de Belgrad), presidenta del Comit\u00e8 Organitzador Vladimir Karanovi\u0107 (Universitat de Belgrad) Ana Kuzmanovi\u0107 Jovanovi\u0107 (Universitat de Belgrad) Ksenija Vrane\u0161&hellip;<\/p>\n<p><a href=\"https:\/\/hisp-50-belgrado.fil.bg.ac.rs\/ca\/comites\/\" class=\"read-more-link\"><span class=\"read-more-icon\"><\/span>Llegir m\u00e9s<\/a><\/p>\n","protected":false},"author":1,"featured_media":0,"parent":0,"menu_order":0,"comment_status":"closed","ping_status":"closed","template":"","meta":{"footnotes":""},"class_list":["post-665","page","type-page","status-publish","hentry"],"_links":{"self":[{"href":"https:\/\/hisp-50-belgrado.fil.bg.ac.rs\/ca\/wp-json\/wp\/v2\/pages\/665","targetHints":{"allow":["GET"]}}],"collection":[{"href":"https:\/\/hisp-50-belgrado.fil.bg.ac.rs\/ca\/wp-json\/wp\/v2\/pages"}],"about":[{"href":"https:\/\/hisp-50-belgrado.fil.bg.ac.rs\/ca\/wp-json\/wp\/v2\/types\/page"}],"author":[{"embeddable":true,"href":"https:\/\/hisp-50-belgrado.fil.bg.ac.rs\/ca\/wp-json\/wp\/v2\/users\/1"}],"replies":[{"embeddable":true,"href":"https:\/\/hisp-50-belgrado.fil.bg.ac.rs\/ca\/wp-json\/wp\/v2\/comments?post=665"}],"version-history":[{"count":13,"href":"https:\/\/hisp-50-belgrado.fil.bg.ac.rs\/ca\/wp-json\/wp\/v2\/pages\/665\/revisions"}],"predecessor-version":[{"id":1739,"href":"https:\/\/hisp-50-belgrado.fil.bg.ac.rs\/ca\/wp-json\/wp\/v2\/pages\/665\/revisions\/1739"}],"wp:attachment":[{"href":"https:\/\/hisp-50-belgrado.fil.bg.ac.rs\/ca\/wp-json\/wp\/v2\/media?parent=665"}],"curies":[{"name":"wp","href":"https:\/\/api.w.org\/{rel}","templated":true}]}}