{"id":1338,"date":"2021-06-28T17:53:40","date_gmt":"2021-06-28T17:53:40","guid":{"rendered":"https:\/\/hisp-50-belgrado.fil.bg.ac.rs\/?page_id=1338"},"modified":"2021-12-17T09:23:16","modified_gmt":"2021-12-17T09:23:16","slug":"quota-de-registro","status":"publish","type":"page","link":"https:\/\/hisp-50-belgrado.fil.bg.ac.rs\/pt-pt\/quota-de-registro\/","title":{"rendered":"Quota de registro"},"content":{"rendered":"<p>[vc_row][vc_column][vc_empty_space height=&#8221;15px&#8221;][om_html_table style=&#8221;bordered&#8221;]JTNDdGFibGUlMjBzdHlsZSUzRCUyMmZvbnQtc2l6ZSUzQTEuM2VtJTIyJTNFJTBBJTIwJTIwJTNDdHIlM0UlMEElMjAlMjAlMjAlMjAlM0N0aCUzRSUzQyUyRnRoJTNFJTBBJTIwJTIwJTIwJTIwJTNDdGglM0UlM0MlMkZ0aCUzRSUwQSUyMCUyMCUzQyUyRnRyJTNFJTBBJTIwJTIwJTNDdHIlM0UlMEElMjAlMjAlMjAlMjAlM0N0ZCUzRVBhcnRpY2lwYSVDMyVBNyVDMyVBM28lMjBwcmVzZW5jaWFsJTNBJTNDJTJGdGQlM0UlMEElMjAlMjAlMjAlMjAlM0N0ZCUzRSUzQ2IlM0U5MCUyMGV1cm9zJTIwJTI4bCVDMyVBRHF1aWRvJTI5JTNDJTJGYiUzRSUzQyUyRnRkJTNFJTBBJTIwJTIwJTNDJTJGdHIlM0UlMEElMjAlMjAlM0N0ciUzRSUwQSUyMCUyMCUyMCUyMCUzQ3RkJTNFUGFydGljaXBhJUMzJUE3JUMzJUEzbyUyMHZpcnR1YWwlM0ElM0MlMkZ0ZCUzRSUwQSUyMCUyMCUyMCUyMCUzQ3RkJTNFJTNDYiUzRTkwJTIwZXVyb3MlMjAlMjhsJUMzJUFEcXVpZG8lMjklM0MlMkZiJTNFJTNDJTJGdGQlM0UlMEElMjAlMjAlM0MlMkZ0ciUzRSUwQSUyMCUyMCUzQ3RyJTNFJTBBJTIwJTIwJTIwJTIwJTNDdGQlM0VSZXNpZGVudGVzJTIwcyVDMyVBOXJ2aW9zJTNBJTNDJTJGdGQlM0UlMEElMjAlMjAlMjAlMjAlM0N0ZCUzRSUzQ2IlM0U5MCUyMGV1cm9zJTIwJTI4bCVDMyVBRHF1aWRvJTJDJTIwbmElMjBtb2VkYSUyMGxvY2FsJTJDJTIwUlNEJTI5JTIwJTNDJTJGYiUzRSUzQyUyRnRkJTNFJTBBJTIwJTIwJTNDJTJGdHIlM0UlMEElM0MlMkZ0YWJsZSUzRQ==[\/om_html_table][vc_btn title=&#8221;Env\u00edo de propuestas&#8221; uppercase=&#8221;yes&#8221; size=&#8221;xlg&#8221; align=&#8221;center&#8221; link=&#8221;url:https%3A%2F%2Fhisp-50-belgrado.fil.bg.ac.rs%2Fenvio-de-propuestas%2F|title:Env%C3%ADo%20de%20propuestas||&#8221;][\/vc_column][\/vc_row][vc_row][vc_column][vc_empty_space][om_list title=&#8221;A taxa de inscri\u00e7\u00e3o \u00e9 individual e inclui:&#8221; icon_fontawesome=&#8221;fas fa-check&#8221; icon_color=&#8221;om-accent-color-2&#8243;]credencial,<br \/>\nMaterial do Congresso,<br \/>\nacesso \u00e0s sess\u00f5es do Congresso,<br \/>\nCertificado de participa\u00e7\u00e3o,<br \/>\nduas refei\u00e7\u00f5es-coquet\u00e9is (os dois primeiros dias do Congresso),<br \/>\ncaf\u00e9s e refrigerantes nos intervalos,<br \/>\nvisita ao Museu Nacional,<br \/>\nPublica\u00e7\u00e3o dos trabalhos (avalia\u00e7\u00e3o pr\u00e9via por pares cegos).[\/om_list][vc_empty_space][vc_message]<strong>Os custos da transfer\u00eancia banc\u00e1ria devem ser cubertos pelos pr\u00f3prios participantes.<\/strong>[\/vc_message][vc_message message_box_color=&#8221;om-accent-color-3&#8243;]Uma vez comunicados os resultados da aceita\u00e7\u00e3o das propostas, ser\u00e1 enviada uma segunda circular com as instru\u00e7\u00f5es de pagamento da quota.[\/vc_message][\/vc_column][\/vc_row]<\/p>\n","protected":false},"excerpt":{"rendered":"<p>[vc_row][vc_column][vc_empty_space height=&#8221;15px&#8221;][om_html_table style=&#8221;bordered&#8221;]JTNDdGFibGUlMjBzdHlsZSUzRCUyMmZvbnQtc2l6ZSUzQTEuM2VtJTIyJTNFJTBBJTIwJTIwJTNDdHIlM0UlMEElMjAlMjAlMjAlMjAlM0N0aCUzRSUzQyUyRnRoJTNFJTBBJTIwJTIwJTIwJTIwJTNDdGglM0UlM0MlMkZ0aCUzRSUwQSUyMCUyMCUzQyUyRnRyJTNFJTBBJTIwJTIwJTNDdHIlM0UlMEElMjAlMjAlMjAlMjAlM0N0ZCUzRVBhcnRpY2lwYSVDMyVBNyVDMyVBM28lMjBwcmVzZW5jaWFsJTNBJTNDJTJGdGQlM0UlMEElMjAlMjAlMjAlMjAlM0N0ZCUzRSUzQ2IlM0U5MCUyMGV1cm9zJTIwJTI4bCVDMyVBRHF1aWRvJTI5JTNDJTJGYiUzRSUzQyUyRnRkJTNFJTBBJTIwJTIwJTNDJTJGdHIlM0UlMEElMjAlMjAlM0N0ciUzRSUwQSUyMCUyMCUyMCUyMCUzQ3RkJTNFUGFydGljaXBhJUMzJUE3JUMzJUEzbyUyMHZpcnR1YWwlM0ElM0MlMkZ0ZCUzRSUwQSUyMCUyMCUyMCUyMCUzQ3RkJTNFJTNDYiUzRTkwJTIwZXVyb3MlMjAlMjhsJUMzJUFEcXVpZG8lMjklM0MlMkZiJTNFJTNDJTJGdGQlM0UlMEElMjAlMjAlM0MlMkZ0ciUzRSUwQSUyMCUyMCUzQ3RyJTNFJTBBJTIwJTIwJTIwJTIwJTNDdGQlM0VSZXNpZGVudGVzJTIwcyVDMyVBOXJ2aW9zJTNBJTNDJTJGdGQlM0UlMEElMjAlMjAlMjAlMjAlM0N0ZCUzRSUzQ2IlM0U5MCUyMGV1cm9zJTIwJTI4bCVDMyVBRHF1aWRvJTJDJTIwbmElMjBtb2VkYSUyMGxvY2FsJTJDJTIwUlNEJTI5JTIwJTNDJTJGYiUzRSUzQyUyRnRkJTNFJTBBJTIwJTIwJTNDJTJGdHIlM0UlMEElM0MlMkZ0YWJsZSUzRQ==[\/om_html_table][vc_btn title=&#8221;Env\u00edo de propuestas&#8221; uppercase=&#8221;yes&#8221; size=&#8221;xlg&#8221; align=&#8221;center&#8221; link=&#8221;url:https%3A%2F%2Fhisp-50-belgrado.fil.bg.ac.rs%2Fenvio-de-propuestas%2F|title:Env%C3%ADo%20de%20propuestas||&#8221;][\/vc_column][\/vc_row][vc_row][vc_column][vc_empty_space][om_list title=&#8221;A taxa de inscri\u00e7\u00e3o \u00e9 individual e inclui:&#8221; icon_fontawesome=&#8221;fas fa-check&#8221; icon_color=&#8221;om-accent-color-2&#8243;]credencial, Material do Congresso, acesso&hellip;<\/p>\n<p><a href=\"https:\/\/hisp-50-belgrado.fil.bg.ac.rs\/pt-pt\/quota-de-registro\/\" class=\"read-more-link\"><span class=\"read-more-icon\"><\/span>Ler mais<\/a><\/p>\n","protected":false},"author":1,"featured_media":0,"parent":0,"menu_order":0,"comment_status":"closed","ping_status":"closed","template":"","meta":{"footnotes":""},"class_list":["post-1338","page","type-page","status-publish","hentry"],"_links":{"self":[{"href":"https:\/\/hisp-50-belgrado.fil.bg.ac.rs\/pt-pt\/wp-json\/wp\/v2\/pages\/1338","targetHints":{"allow":["GET"]}}],"collection":[{"href":"https:\/\/hisp-50-belgrado.fil.bg.ac.rs\/pt-pt\/wp-json\/wp\/v2\/pages"}],"about":[{"href":"https:\/\/hisp-50-belgrado.fil.bg.ac.rs\/pt-pt\/wp-json\/wp\/v2\/types\/page"}],"author":[{"embeddable":true,"href":"https:\/\/hisp-50-belgrado.fil.bg.ac.rs\/pt-pt\/wp-json\/wp\/v2\/users\/1"}],"replies":[{"embeddable":true,"href":"https:\/\/hisp-50-belgrado.fil.bg.ac.rs\/pt-pt\/wp-json\/wp\/v2\/comments?post=1338"}],"version-history":[{"count":7,"href":"https:\/\/hisp-50-belgrado.fil.bg.ac.rs\/pt-pt\/wp-json\/wp\/v2\/pages\/1338\/revisions"}],"predecessor-version":[{"id":1678,"href":"https:\/\/hisp-50-belgrado.fil.bg.ac.rs\/pt-pt\/wp-json\/wp\/v2\/pages\/1338\/revisions\/1678"}],"wp:attachment":[{"href":"https:\/\/hisp-50-belgrado.fil.bg.ac.rs\/pt-pt\/wp-json\/wp\/v2\/media?parent=1338"}],"curies":[{"name":"wp","href":"https:\/\/api.w.org\/{rel}","templated":true}]}}