{"id":1351,"date":"2021-06-28T18:02:36","date_gmt":"2021-06-28T18:02:36","guid":{"rendered":"https:\/\/hisp-50-belgrado.fil.bg.ac.rs\/?page_id=1351"},"modified":"2021-12-17T10:29:48","modified_gmt":"2021-12-17T10:29:48","slug":"presentacion","status":"publish","type":"page","link":"https:\/\/hisp-50-belgrado.fil.bg.ac.rs\/pt-pt\/presentacion\/","title":{"rendered":"Presenta\u00e7\u00e3o"},"content":{"rendered":"<p>[vc_row][vc_column][vc_row_inner][vc_column_inner][vc_single_image image=&#8221;1021&#8243; img_size=&#8221;medium&#8221; alignment=&#8221;center&#8221;][vc_custom_heading text=&#8221;PASSADO, PRESENTE E FUTURO DO HISPANISMO NO MUNDO: PROGRESSOS E DESAFIOS&#8221; font_container=&#8221;tag:h2|text_align:center|color:%23188fbb&#8221;][vc_custom_heading text=&#8221;23 a 25 de junho de 2022&#8243; font_container=&#8221;tag:h3|text_align:center&#8221;][vc_column_text]O in\u00edcio do hispanismo acad\u00e9mico na S\u00e9rvia e na ex-Jugosl\u00e1via remonta a 1971, quando o Departamento de Estudos Rom\u00e2nicos da Faculdade de Filologia da Universidade de Belgrado fundou a Se\u00e7\u00e3o de L\u00edngua e Literatura Espanhola com um programa de estudos de quatro anos. A trajet\u00f3ria dos estudos espanh\u00f3is na ex-Jugosl\u00e1via, por\u00e9m, \u00e9 muito mais longa. As primeiras tradu\u00e7\u00f5es de <em>Dom Quixote<\/em> datam do final do s\u00e9culo XIX, enquanto foram os sefarditas que, desde o in\u00edcio do s\u00e9culo XX, introduziram a cultura e a literatura espanhola na ex-Jugosl\u00e1via (Soldatic 2011). O ensino universit\u00e1rio do espanhol como disciplina opcional teve in\u00edcio na Faculdade de Filosofia da Universidade de Belgrado em 1951, tendo obtido o estatuto de segunda l\u00edngua no ano letivo de 1961\/1962. A partir do ano acad\u00e9mico de <strong>1971\/1972<\/strong>, o espanhol e a literatura em espanhol formam um grupo leg\u00edtimo de estudos na Faculdade de Filologia de Belgrado.<\/p>\n<p>Na longa hist\u00f3ria de mais de meio s\u00e9culo, o hispanismo de Belgrado e o departamento correspondente cresceram, desenvolveram-se e diversificaram-se, enfrentando in\u00fameros desafios no mundo contempor\u00e2neo. Hoje, os hispanistas da Universidade de Belgrado com trabalho de pesquisa cobrem todas as disciplinas relevantes do hispanismo contempor\u00e2neo e colaboram estreitamente com os hispanistas da regi\u00e3o (RHEC) e do mundo. Da mesma forma, o Departamento de Estudos Ib\u00e9ricos da Universidade de Belgrado formou um n\u00famero muito significativo de hispanistas, tanto pesquisadores como professores, tradutores, etc. Finalmente, al\u00e9m dos estudos hisp\u00e2nicos, o Departamento de Estudos Ib\u00e9ricos ministra cursos de l\u00edngua e cultura catal\u00e3 e portuguesa.<\/p>\n<p>Por ocasi\u00e3o do seu 50\u00ba anivers\u00e1rio, o Departamento de Estudos Ib\u00e9ricos tem o prazer de o convidar a participar no Congresso Internacional Passado, Presente e Futuro do Hispanismo no Mundo: Avan\u00e7os e Desafios. S\u00e3o bem-vindos todos os trabalhos que apresentem investiga\u00e7\u00e3o sobre a l\u00edngua espanhola em todos os seus aspectos (te\u00f3ricos e aplicados), mas tamb\u00e9m sobre as l\u00ednguas catal\u00e3 e portuguesa, e sobre as literaturas e culturas ib\u00e9ricas e latino-americanas. Os trabalhos que se enquadram nas linhas tem\u00e1ticas encontradas na se\u00e7\u00e3o correspondente (Linhas tem\u00e1ticas) s\u00e3o particularmente apreciados.<\/p>\n<p>Est\u00e3o previstas <strong>duas formas de participa\u00e7\u00e3o<\/strong>: <strong>presencial e virtual<\/strong>.<\/p>\n<p>A apresenta\u00e7\u00e3o do trabalho ter\u00e1 a dura\u00e7\u00e3o de 20 minutos, seguidos de 5 minutos de discuss\u00e3o.[\/vc_column_text][\/vc_column_inner][\/vc_row_inner][\/vc_column][\/vc_row][vc_row][vc_column][vc_empty_space height=&#8221;50px&#8221;][om_logos title=&#8221;Entidades colaboradoras&#8221; images=&#8221;795,1156,1196,1174,1448,1182,1492,1664&#8243; img_size=&#8221;medium&#8221;][\/vc_column][\/vc_row]<\/p>\n","protected":false},"excerpt":{"rendered":"<p>[vc_row][vc_column][vc_row_inner][vc_column_inner][vc_single_image image=&#8221;1021&#8243; img_size=&#8221;medium&#8221; alignment=&#8221;center&#8221;][vc_custom_heading text=&#8221;PASSADO, PRESENTE E FUTURO DO HISPANISMO NO MUNDO: PROGRESSOS E DESAFIOS&#8221; font_container=&#8221;tag:h2|text_align:center|color:%23188fbb&#8221;][vc_custom_heading text=&#8221;23 a 25 de junho de 2022&#8243; font_container=&#8221;tag:h3|text_align:center&#8221;][vc_column_text]O in\u00edcio&hellip;<\/p>\n<p><a href=\"https:\/\/hisp-50-belgrado.fil.bg.ac.rs\/pt-pt\/presentacion\/\" class=\"read-more-link\"><span class=\"read-more-icon\"><\/span>Ler mais<\/a><\/p>\n","protected":false},"author":1,"featured_media":0,"parent":0,"menu_order":0,"comment_status":"closed","ping_status":"closed","template":"","meta":{"footnotes":""},"class_list":["post-1351","page","type-page","status-publish","hentry"],"_links":{"self":[{"href":"https:\/\/hisp-50-belgrado.fil.bg.ac.rs\/pt-pt\/wp-json\/wp\/v2\/pages\/1351","targetHints":{"allow":["GET"]}}],"collection":[{"href":"https:\/\/hisp-50-belgrado.fil.bg.ac.rs\/pt-pt\/wp-json\/wp\/v2\/pages"}],"about":[{"href":"https:\/\/hisp-50-belgrado.fil.bg.ac.rs\/pt-pt\/wp-json\/wp\/v2\/types\/page"}],"author":[{"embeddable":true,"href":"https:\/\/hisp-50-belgrado.fil.bg.ac.rs\/pt-pt\/wp-json\/wp\/v2\/users\/1"}],"replies":[{"embeddable":true,"href":"https:\/\/hisp-50-belgrado.fil.bg.ac.rs\/pt-pt\/wp-json\/wp\/v2\/comments?post=1351"}],"version-history":[{"count":12,"href":"https:\/\/hisp-50-belgrado.fil.bg.ac.rs\/pt-pt\/wp-json\/wp\/v2\/pages\/1351\/revisions"}],"predecessor-version":[{"id":1681,"href":"https:\/\/hisp-50-belgrado.fil.bg.ac.rs\/pt-pt\/wp-json\/wp\/v2\/pages\/1351\/revisions\/1681"}],"wp:attachment":[{"href":"https:\/\/hisp-50-belgrado.fil.bg.ac.rs\/pt-pt\/wp-json\/wp\/v2\/media?parent=1351"}],"curies":[{"name":"wp","href":"https:\/\/api.w.org\/{rel}","templated":true}]}}