{"id":666,"date":"2021-05-31T14:16:51","date_gmt":"2021-05-31T14:16:51","guid":{"rendered":"https:\/\/hisp-50-belgrado.fil.bg.ac.rs\/?page_id=666"},"modified":"2022-01-28T10:18:38","modified_gmt":"2022-01-28T10:18:38","slug":"comites","status":"publish","type":"page","link":"https:\/\/hisp-50-belgrado.fil.bg.ac.rs\/pt-pt\/comites\/","title":{"rendered":"Comit\u00e9s"},"content":{"rendered":"<p>[vc_row][vc_column][vc_column_text]<\/p>\n<h2><span style=\"color: #e94f49;\">COMIT\u00c9<\/span> ORGANIZADOR:<\/h2>\n<p><strong>An<\/strong><strong>\u0111<\/strong><strong>elka Pejovi<\/strong><strong>\u0107 <\/strong>(Universidade de Belgrado), presidenta do Comit\u00e9 Organizador<\/p>\n<p><strong>Vladimir Karanovi\u0107<\/strong> (Universidade de Belgrado)<\/p>\n<p><strong>Ana Kuzmanovi\u0107 Jovanovi\u0107 <\/strong>(Universidade de Belgrado)<\/p>\n<p><strong>Ksenija Vrane\u0161<\/strong> (Universidade de Belgrado)<\/p>\n<p><strong>Pau Bori<\/strong> (Universidade de Belgrado)<\/p>\n<p><strong>\u017deljko Doni\u0107<\/strong> (Universidade de Belgrado)<\/p>\n<p><strong>Luiza Valo\u017ei\u0107 <\/strong>(Universidade de Belgrado), secretaria do Comit\u00e9 Organizador[\/vc_column_text][vc_empty_space][vc_column_text]<\/p>\n<h2><span style=\"color: #e94f49;\">COMIT\u00c9<\/span> HONOR\u00cdFICO:<\/h2>\n<p><strong>Dalibor Soldati\u0107 <\/strong>(Universidade de Belgrado)<\/p>\n<p><strong>Jelena Raji\u0107 <\/strong>(Universidade de Belgrado)<\/p>\n<p><strong>Silvia Izquierdo Todorovi\u0107 <\/strong>(Universidade de Belgrado)<\/p>\n<p>[\/vc_column_text][vc_empty_space][vc_column_text]<\/p>\n<h2><span style=\"color: #e94f49;\">COMIT\u00c9<\/span> CIENT\u00cdFICO:<\/h2>\n<p><strong>Ignacio Bosque <\/strong>(Real Academia Espanhola, Espanha)<\/p>\n<p><strong>Jelena Filipovi\u0107 <\/strong>(Universidade de Belgrado, S\u00e9rvia)<\/p>\n<p><strong>Toni Dorca<\/strong><strong> (<\/strong>Macalester College, Minnesota, EE.UU.<strong>)<\/strong><\/p>\n<p><strong>Paloma D\u00edaz-Mas<\/strong> (CSIC e Real Academia Espa\u00f1ola, Espanha)<\/p>\n<p><strong>Branka Kaleni\u0107 Ram\u0161ak<\/strong> (Universidade de Ljubljana, Eslov\u00e9nia)<\/p>\n<p><strong>Ilinca Ilian Taranu <\/strong>(Universidade do Oeste de Timisoara, Rom\u00e9nia)<\/p>\n<p><strong>Blanca Ripoll Sintes <\/strong>(Universidade de Barcelona, Espanha)<\/p>\n<p><strong>Domingo Lil\u00f3n<\/strong> (Universidade de P\u00e9cs, Hungria)<\/p>\n<p><strong>Antonio Pamies Bertr\u00e1n <\/strong>(Universidade de Granada, Espanha)<\/p>\n<p><strong>Aleksandra Man\u010di\u0107<\/strong> (Instituto de Literatura y Arte, S\u00e9rvia)<\/p>\n<p><strong>Vesna Dickov<\/strong> (Universidade de Belgrado, S\u00e9rvia)<\/p>\n<p><strong>Margalida Pons <\/strong>(Universidade das Ilhas Baleares, Espanha)<\/p>\n<p><strong>Jasmina Marki\u010d<\/strong> (Universidade de Ljubljana, Eslov\u00e9nia)<\/p>\n<p><strong>Josep Ballester Roca<\/strong> (Universidade de Valencia, Espanha)<\/p>\n<p><strong>Valdir Heitor Barzotto<\/strong> (Universidade de S\u00e3o Paulo, Brasil)<\/p>\n<p><strong>Zsuzsanna Csik\u00f3s <\/strong>(Universidade de Szeged, Hungria)<\/p>\n<p><strong>Cecylia Tatoj <\/strong>(Universidade de Silesia en Katowice, Pol\u00f3nia)<\/p>\n<p><strong>Juan Torbidoni<\/strong> (Pontificia Universidade Cat\u00f3lica, Argentina)<\/p>\n<p><strong>Mirjana Sekuli\u0107 <\/strong>(Universidade de Kragujevac, S\u00e9rvia)<\/p>\n<p><strong>M.\u00aa Auxiliadora Barrios Rodr\u00edguez <\/strong>(Universidade Complutense de Madrid, Espanha)<\/p>\n<p><strong>Petr Stehl\u00edk<\/strong> (Universidade Masaryk de Brno, Rep\u00fablica Checa)<\/p>\n<p><strong>Ana Jovanovi\u0107 <\/strong>(Universidade de Belgrado, S\u00e9rvia)<\/p>\n<p><strong>Noelia Ibarra Rius <\/strong>(Universidade de Val\u00e9ncia, Espanha)<\/p>\n<p><strong>Maja Zovko<\/strong> (Universidade de Zagreb, Cro\u00e1cia)<\/p>\n<p><strong>Alla Placinska <\/strong>(Universidade de Riga, L\u00e1tvia)<\/p>\n<p><strong>Ivana Vu\u010dina Simovi\u0107<\/strong> (Universidade de Belgrado)[\/vc_column_text][\/vc_column][\/vc_row]<\/p>\n","protected":false},"excerpt":{"rendered":"<p>[vc_row][vc_column][vc_column_text] COMIT\u00c9 ORGANIZADOR: An\u0111elka Pejovi\u0107 (Universidade de Belgrado), presidenta do Comit\u00e9 Organizador Vladimir Karanovi\u0107 (Universidade de Belgrado) Ana Kuzmanovi\u0107 Jovanovi\u0107 (Universidade de Belgrado) Ksenija Vrane\u0161&hellip;<\/p>\n<p><a href=\"https:\/\/hisp-50-belgrado.fil.bg.ac.rs\/pt-pt\/comites\/\" class=\"read-more-link\"><span class=\"read-more-icon\"><\/span>Ler mais<\/a><\/p>\n","protected":false},"author":1,"featured_media":0,"parent":0,"menu_order":0,"comment_status":"closed","ping_status":"closed","template":"","meta":{"footnotes":""},"class_list":["post-666","page","type-page","status-publish","hentry"],"_links":{"self":[{"href":"https:\/\/hisp-50-belgrado.fil.bg.ac.rs\/pt-pt\/wp-json\/wp\/v2\/pages\/666","targetHints":{"allow":["GET"]}}],"collection":[{"href":"https:\/\/hisp-50-belgrado.fil.bg.ac.rs\/pt-pt\/wp-json\/wp\/v2\/pages"}],"about":[{"href":"https:\/\/hisp-50-belgrado.fil.bg.ac.rs\/pt-pt\/wp-json\/wp\/v2\/types\/page"}],"author":[{"embeddable":true,"href":"https:\/\/hisp-50-belgrado.fil.bg.ac.rs\/pt-pt\/wp-json\/wp\/v2\/users\/1"}],"replies":[{"embeddable":true,"href":"https:\/\/hisp-50-belgrado.fil.bg.ac.rs\/pt-pt\/wp-json\/wp\/v2\/comments?post=666"}],"version-history":[{"count":9,"href":"https:\/\/hisp-50-belgrado.fil.bg.ac.rs\/pt-pt\/wp-json\/wp\/v2\/pages\/666\/revisions"}],"predecessor-version":[{"id":1740,"href":"https:\/\/hisp-50-belgrado.fil.bg.ac.rs\/pt-pt\/wp-json\/wp\/v2\/pages\/666\/revisions\/1740"}],"wp:attachment":[{"href":"https:\/\/hisp-50-belgrado.fil.bg.ac.rs\/pt-pt\/wp-json\/wp\/v2\/media?parent=666"}],"curies":[{"name":"wp","href":"https:\/\/api.w.org\/{rel}","templated":true}]}}