{"id":711,"date":"2021-05-31T14:31:52","date_gmt":"2021-05-31T14:31:52","guid":{"rendered":"https:\/\/hisp-50-belgrado.fil.bg.ac.rs\/?page_id=711"},"modified":"2021-12-10T12:25:25","modified_gmt":"2021-12-10T12:25:25","slug":"viajar-a-servia","status":"publish","type":"page","link":"https:\/\/hisp-50-belgrado.fil.bg.ac.rs\/pt-pt\/viajar-a-servia\/","title":{"rendered":"Viajar a S\u00e9rvia"},"content":{"rendered":"<p>[vc_row][vc_column][vc_empty_space][om_list title=&#8221;Informa\u00e7\u00e3o importante:&#8221; icon_fontawesome=&#8221;far fa-question-circle&#8221; icon_color=&#8221;om-accent-color-1&#8243;]Moeda local: dinar s\u00e9rvio (RSD)<br \/>\nN\u00e3o se esque\u00e7a de trazer seu passaporte em ordem<br \/>\nDescubra se precisa de um visto (cidad\u00e3os da UE n\u00e3o precisam de visto para estadias de menos de 90 dias)[\/om_list][vc_empty_space][vc_custom_heading text=&#8221;Links \u00fateis:&#8221; font_container=&#8221;tag:h3|text_align:left&#8221;][vc_column_text]<strong>Minist\u00e9rio de Assuntos Exteriores:<\/strong><\/p>\n<p><a href=\"https:\/\/www.mfa.gov.rs\/en\/citizens\/travel-serbia\" target=\"_blank\" rel=\"noopener\">https:\/\/www.mfa.gov.rs\/en\/citizens\/travel-serbia<\/a><\/p>\n<p>&nbsp;<\/p>\n<p><strong>Embaixadas:<\/strong><\/p>\n<p><a href=\"http:\/\/arhiva.mup.gov.rs\/cms_lat\/sadrzaj.nsf\/ambasade.h\" target=\"_blank\" rel=\"noopener\">http:\/\/arhiva.mup.gov.rs\/cms_lat\/sadrzaj.nsf\/ambasade.h<\/a><\/p>\n<p><a href=\"http:\/\/www.exteriores.gob.es\/embajadas\/belgrado\/es\/Paginas\/inicio.aspx\" target=\"_blank\" rel=\"noopener\">http:\/\/www.exteriores.gob.es\/embajadas\/belgrado\/es\/Paginas\/inicio.aspx<\/a><\/p>\n<p><a href=\"https:\/\/embamex.sre.gob.mx\/serbia\/\" target=\"_blank\" rel=\"noopener\">https:\/\/embamex.sre.gob.mx\/serbia\/<\/a><\/p>\n<p><a href=\"https:\/\/eserb.cancilleria.gob.ar\/\" target=\"_blank\" rel=\"noopener\">https:\/\/eserb.cancilleria.gob.ar\/<\/a><\/p>\n<p><a href=\"https:\/\/www.municipio-cuba.com\/embajada-de-cuba-en-serbia.html\" target=\"_blank\" rel=\"noopener\">https:\/\/www.municipio-cuba.com\/embajada-de-cuba-en-serbia.html<\/a><\/p>\n<p><a href=\"http:\/\/serbia.embajada.gob.ve\/\" target=\"_blank\" rel=\"noopener\">http:\/\/serbia.embajada.gob.ve\/<\/a><\/p>\n<p><a href=\"https:\/\/serviciosconsulares.cl\/tramites\/consulados-en-el-exterior\/serbia\/belgrado\/consulado-honorario-en-belgrado\" target=\"_blank\" rel=\"noopener\">https:\/\/serviciosconsulares.cl\/tramites\/consulados-en-el-exterior\/serbia\/belgrado\/consulado-honorario-en-belgrado<\/a><\/p>\n<p><a href=\"https:\/\/belgrado.embaixadaportugal.mne.gov.pt\/pt\/\" target=\"_blank\" rel=\"noopener\">https:\/\/belgrado.embaixadaportugal.mne.gov.pt\/pt\/<\/a><\/p>\n<p><a href=\"http:\/\/belgrado.itamaraty.gov.br\/pt-br\/\" target=\"_blank\" rel=\"noopener\">http:\/\/belgrado.itamaraty.gov.br\/pt-br\/<\/a><\/p>\n<p><a href=\"https:\/\/rs.usembassy.gov\/sr\/\" target=\"_blank\" rel=\"noopener\">https:\/\/rs.usembassy.gov\/sr\/<\/a><\/p>\n<p><a href=\"https:\/\/serbia.mid.ru\/ru\/\" target=\"_blank\" rel=\"noopener\">https:\/\/serbia.mid.ru\/ru\/<\/a><\/p>\n<p><a href=\"https:\/\/ambbelgrado.esteri.it\/ambasciata_belgrado\/sr\/\" target=\"_blank\" rel=\"noopener\">https:\/\/ambbelgrado.esteri.it\/ambasciata_belgrado\/sr\/<\/a><\/p>\n<p><a href=\"https:\/\/www.gov.pl\/web\/srbija\" target=\"_blank\" rel=\"noopener\">https:\/\/www.gov.pl\/web\/srbija<\/a><\/p>\n<p><a href=\"https:\/\/www.mzv.cz\/belgrade\/sr\/vize_i_aktuelnosti\/index.html\" target=\"_blank\" rel=\"noopener\">https:\/\/www.mzv.cz\/belgrade\/sr\/vize_i_aktuelnosti\/index.html<\/a><\/p>\n<p><a href=\"https:\/\/belgrad.mae.ro\/en\" target=\"_blank\" rel=\"noopener\">https:\/\/belgrad.mae.ro\/en<\/a><\/p>\n<p><a href=\"https:\/\/belgrad.diplo.de\/rs-sr\" target=\"_blank\" rel=\"noopener\">https:\/\/belgrad.diplo.de\/rs-sr<\/a><\/p>\n<p><a href=\"https:\/\/rs.ambafrance.org\/-Francais-\" target=\"_blank\" rel=\"noopener\">https:\/\/rs.ambafrance.org\/-Francais-<\/a>[\/vc_column_text][\/vc_column][\/vc_row]<\/p>\n","protected":false},"excerpt":{"rendered":"<p>[vc_row][vc_column][vc_empty_space][om_list title=&#8221;Informa\u00e7\u00e3o importante:&#8221; icon_fontawesome=&#8221;far fa-question-circle&#8221; icon_color=&#8221;om-accent-color-1&#8243;]Moeda local: dinar s\u00e9rvio (RSD) N\u00e3o se esque\u00e7a de trazer seu passaporte em ordem Descubra se precisa de um visto&hellip;<\/p>\n<p><a href=\"https:\/\/hisp-50-belgrado.fil.bg.ac.rs\/pt-pt\/viajar-a-servia\/\" class=\"read-more-link\"><span class=\"read-more-icon\"><\/span>Ler mais<\/a><\/p>\n","protected":false},"author":1,"featured_media":0,"parent":0,"menu_order":0,"comment_status":"closed","ping_status":"closed","template":"","meta":{"footnotes":""},"class_list":["post-711","page","type-page","status-publish","hentry"],"_links":{"self":[{"href":"https:\/\/hisp-50-belgrado.fil.bg.ac.rs\/pt-pt\/wp-json\/wp\/v2\/pages\/711","targetHints":{"allow":["GET"]}}],"collection":[{"href":"https:\/\/hisp-50-belgrado.fil.bg.ac.rs\/pt-pt\/wp-json\/wp\/v2\/pages"}],"about":[{"href":"https:\/\/hisp-50-belgrado.fil.bg.ac.rs\/pt-pt\/wp-json\/wp\/v2\/types\/page"}],"author":[{"embeddable":true,"href":"https:\/\/hisp-50-belgrado.fil.bg.ac.rs\/pt-pt\/wp-json\/wp\/v2\/users\/1"}],"replies":[{"embeddable":true,"href":"https:\/\/hisp-50-belgrado.fil.bg.ac.rs\/pt-pt\/wp-json\/wp\/v2\/comments?post=711"}],"version-history":[{"count":7,"href":"https:\/\/hisp-50-belgrado.fil.bg.ac.rs\/pt-pt\/wp-json\/wp\/v2\/pages\/711\/revisions"}],"predecessor-version":[{"id":1620,"href":"https:\/\/hisp-50-belgrado.fil.bg.ac.rs\/pt-pt\/wp-json\/wp\/v2\/pages\/711\/revisions\/1620"}],"wp:attachment":[{"href":"https:\/\/hisp-50-belgrado.fil.bg.ac.rs\/pt-pt\/wp-json\/wp\/v2\/media?parent=711"}],"curies":[{"name":"wp","href":"https:\/\/api.w.org\/{rel}","templated":true}]}}